{"id":575,"date":"2024-06-12T17:34:23","date_gmt":"2024-06-12T17:34:23","guid":{"rendered":"https:\/\/euroopticaalfas.com\/?page_id=575"},"modified":"2024-06-12T17:43:22","modified_gmt":"2024-06-12T17:43:22","slug":"contacto","status":"publish","type":"page","link":"https:\/\/euroopticaalfas.com\/en\/contacto","title":{"rendered":"Contact"},"content":{"rendered":"<div data-elementor-type=\"wp-page\" data-elementor-id=\"575\" class=\"elementor elementor-575\" data-elementor-post-type=\"page\">\n\t\t\t\t<div class=\"elementor-element elementor-element-fdc0b04 e-flex e-con-boxed e-con e-parent\" data-id=\"fdc0b04\" data-element_type=\"container\" data-settings=\"{&quot;background_background&quot;:&quot;classic&quot;,&quot;shape_divider_bottom&quot;:&quot;curve&quot;,&quot;shape_divider_bottom_negative&quot;:&quot;yes&quot;}\">\n\t\t\t\t\t<div class=\"e-con-inner\">\n\t\t\t\t<div class=\"elementor-shape elementor-shape-bottom\" aria-hidden=\"true\" data-negative=\"true\">\n\t\t\t<svg xmlns=\"http:\/\/www.w3.org\/2000\/svg\" viewbox=\"0 0 1000 100\" preserveaspectratio=\"none\">\n\t<path class=\"elementor-shape-fill\" d=\"M500,97C126.7,96.3,0.8,19.8,0,0v100l1000,0V1C1000,19.4,873.3,97.8,500,97z\"\/>\n<\/svg>\t\t<\/div>\n\t\t\t\t<div class=\"elementor-element elementor-element-b1fbc7c elementor-invisible elementor-widget elementor-widget-heading\" data-id=\"b1fbc7c\" data-element_type=\"widget\" data-settings=\"{&quot;_animation&quot;:&quot;zoomInDown&quot;,&quot;_animation_delay&quot;:1300}\" data-widget_type=\"heading.default\">\n\t\t\t\t<div class=\"elementor-widget-container\">\n\t\t\t\t\t<h1 class=\"elementor-heading-title elementor-size-default\">Contact<\/h1>\t\t\t\t<\/div>\n\t\t\t\t<\/div>\n\t\t\t\t\t<\/div>\n\t\t\t\t<\/div>\n\t\t<div class=\"elementor-element elementor-element-b29f409 e-flex e-con-boxed elementor-invisible e-con e-parent\" data-id=\"b29f409\" data-element_type=\"container\" data-settings=\"{&quot;animation&quot;:&quot;fadeInRight&quot;,&quot;animation_delay&quot;:100}\">\n\t\t\t\t\t<div class=\"e-con-inner\">\n\t\t<div class=\"elementor-element elementor-element-ccb9e30 e-con-full e-flex e-con e-child\" data-id=\"ccb9e30\" data-element_type=\"container\" data-settings=\"{&quot;background_background&quot;:&quot;none&quot;}\">\n\t\t\t\t<div class=\"elementor-element elementor-element-6c64ea2 elementor-widget elementor-widget-heading\" data-id=\"6c64ea2\" data-element_type=\"widget\" data-widget_type=\"heading.default\">\n\t\t\t\t<div class=\"elementor-widget-container\">\n\t\t\t\t\t<h1 class=\"elementor-heading-title elementor-size-default\">DATOS DE CONTACTO<\/h1>\t\t\t\t<\/div>\n\t\t\t\t<\/div>\n\t\t\t\t<\/div>\n\t\t<div class=\"elementor-element elementor-element-04698e9 e-con-full e-flex e-con e-child\" data-id=\"04698e9\" data-element_type=\"container\" data-settings=\"{&quot;background_background&quot;:&quot;classic&quot;}\">\n\t\t\t\t<div class=\"elementor-element elementor-element-bcb72f3 elementor-icon-list--layout-traditional elementor-list-item-link-full_width elementor-widget elementor-widget-icon-list\" data-id=\"bcb72f3\" data-element_type=\"widget\" data-widget_type=\"icon-list.default\">\n\t\t\t\t<div class=\"elementor-widget-container\">\n\t\t\t\t\t\t\t<ul class=\"elementor-icon-list-items\">\n\t\t\t\t\t\t\t<li class=\"elementor-icon-list-item\">\n\t\t\t\t\t\t\t\t\t\t\t<a href=\"mailto:info@euroopticaalfas.com\">\n\n\t\t\t\t\t\t\t\t\t\t\t\t<span class=\"elementor-icon-list-icon\">\n\t\t\t\t\t\t\t<i aria-hidden=\"true\" class=\"far fa-envelope\"><\/i>\t\t\t\t\t\t<\/span>\n\t\t\t\t\t\t\t\t\t\t<span class=\"elementor-icon-list-text\">info@euroopticaalfas.com<\/span>\n\t\t\t\t\t\t\t\t\t\t\t<\/a>\n\t\t\t\t\t\t\t\t\t<\/li>\n\t\t\t\t\t\t\t\t<li class=\"elementor-icon-list-item\">\n\t\t\t\t\t\t\t\t\t\t\t<a href=\"tel:966%2086%2002%2076\">\n\n\t\t\t\t\t\t\t\t\t\t\t\t<span class=\"elementor-icon-list-icon\">\n\t\t\t\t\t\t\t<i aria-hidden=\"true\" class=\"fas fa-phone\"><\/i>\t\t\t\t\t\t<\/span>\n\t\t\t\t\t\t\t\t\t\t<span class=\"elementor-icon-list-text\">+34 966 86 02 76<\/span>\n\t\t\t\t\t\t\t\t\t\t\t<\/a>\n\t\t\t\t\t\t\t\t\t<\/li>\n\t\t\t\t\t\t\t\t<li class=\"elementor-icon-list-item\">\n\t\t\t\t\t\t\t\t\t\t\t<a href=\"https:\/\/api.whatsapp.com\/send?phone=34677635364\">\n\n\t\t\t\t\t\t\t\t\t\t\t\t<span class=\"elementor-icon-list-icon\">\n\t\t\t\t\t\t\t<i aria-hidden=\"true\" class=\"fab fa-whatsapp\"><\/i>\t\t\t\t\t\t<\/span>\n\t\t\t\t\t\t\t\t\t\t<span class=\"elementor-icon-list-text\">+34 677 635 364 <\/span>\n\t\t\t\t\t\t\t\t\t\t\t<\/a>\n\t\t\t\t\t\t\t\t\t<\/li>\n\t\t\t\t\t\t<\/ul>\n\t\t\t\t\t\t<\/div>\n\t\t\t\t<\/div>\n\t\t\t\t<\/div>\n\t\t\t\t\t<\/div>\n\t\t\t\t<\/div>\n\t\t<div class=\"elementor-element elementor-element-a09b89b animated-slow e-flex e-con-boxed elementor-invisible e-con e-parent\" data-id=\"a09b89b\" data-element_type=\"container\" data-settings=\"{&quot;animation&quot;:&quot;fadeInLeft&quot;,&quot;animation_delay&quot;:600}\">\n\t\t\t\t\t<div class=\"e-con-inner\">\n\t\t<div class=\"elementor-element elementor-element-35f32be e-con-full e-flex e-con e-child\" data-id=\"35f32be\" data-element_type=\"container\">\n\t\t\t\t<div class=\"elementor-element elementor-element-87853e2 elementor-widget elementor-widget-html\" data-id=\"87853e2\" data-element_type=\"widget\" data-widget_type=\"html.default\">\n\t\t\t\t<div class=\"elementor-widget-container\">\n\t\t\t\t\t<iframe src=\"https:\/\/www.google.com\/maps\/embed?pb=!1m18!1m12!1m3!1d3119.112726083425!2d-0.10386862366666837!3d38.57725186553003!2m3!1f0!2f0!3f0!3m2!1i1024!2i768!4f13.1!3m3!1m2!1s0xd62038fa3efdf4f%3A0xff2bbf149ed95cef!2sAv.%20Pa%C3%ADs%20Valenci%C3%A0%2C%209%2C%20Local%2010%2C%2003580%20Alfaz%20del%20Pi%2C%20Alicante!5e0!3m2!1ses!2ses!4v1717746249495!5m2!1ses!2ses\" width=\"600\" height=\"450\" style=\"border:0;\" allowfullscreen=\"\" loading=\"lazy\" referrerpolicy=\"no-referrer-when-downgrade\"><\/iframe>\t\t\t\t<\/div>\n\t\t\t\t<\/div>\n\t\t\t\t<\/div>\n\t\t<div class=\"elementor-element elementor-element-dc5a72d e-con-full e-flex e-con e-child\" data-id=\"dc5a72d\" data-element_type=\"container\">\n\t\t\t\t<div class=\"elementor-element elementor-element-a60b8ff elementor-widget elementor-widget-heading\" data-id=\"a60b8ff\" data-element_type=\"widget\" data-widget_type=\"heading.default\">\n\t\t\t\t<div class=\"elementor-widget-container\">\n\t\t\t\t\t<h2 class=\"elementor-heading-title elementor-size-large\">ADRESS<\/h2>\t\t\t\t<\/div>\n\t\t\t\t<\/div>\n\t\t\t\t<div class=\"elementor-element elementor-element-29a428a elementor-widget-divider--view-line elementor-widget elementor-widget-divider\" data-id=\"29a428a\" data-element_type=\"widget\" data-widget_type=\"divider.default\">\n\t\t\t\t<div class=\"elementor-widget-container\">\n\t\t\t\t\t\t\t<div class=\"elementor-divider\">\n\t\t\t<span class=\"elementor-divider-separator\">\n\t\t\t\t\t\t<\/span>\n\t\t<\/div>\n\t\t\t\t\t\t<\/div>\n\t\t\t\t<\/div>\n\t\t\t\t<div class=\"elementor-element elementor-element-53ae43b elementor-widget elementor-widget-heading\" data-id=\"53ae43b\" data-element_type=\"widget\" data-widget_type=\"heading.default\">\n\t\t\t\t<div class=\"elementor-widget-container\">\n\t\t\t\t\t<h1 class=\"elementor-heading-title elementor-size-large\">Av. Pa\u00ecs Valenci\u00e0 9, Local 10, <\/br>03580 L'Alf\u00e0s del Pi, <\/br>Alicante\n<\/h1>\t\t\t\t<\/div>\n\t\t\t\t<\/div>\n\t\t\t\t<\/div>\n\t\t\t\t\t<\/div>\n\t\t\t\t<\/div>\n\t\t<div class=\"elementor-element elementor-element-b6f9477 animated-slow e-flex e-con-boxed elementor-invisible e-con e-parent\" data-id=\"b6f9477\" data-element_type=\"container\" data-settings=\"{&quot;animation&quot;:&quot;fadeInRight&quot;,&quot;animation_delay&quot;:600}\">\n\t\t\t\t\t<div class=\"e-con-inner\">\n\t\t<div class=\"elementor-element elementor-element-3a893ba e-con-full e-flex e-con e-child\" data-id=\"3a893ba\" data-element_type=\"container\">\n\t\t\t\t<div class=\"elementor-element elementor-element-9d1eae2 elementor-widget elementor-widget-heading\" data-id=\"9d1eae2\" data-element_type=\"widget\" data-widget_type=\"heading.default\">\n\t\t\t\t<div class=\"elementor-widget-container\">\n\t\t\t\t\t<h1 class=\"elementor-heading-title elementor-size-large\">OPENING HOURS<\/h1>\t\t\t\t<\/div>\n\t\t\t\t<\/div>\n\t\t\t\t<div class=\"elementor-element elementor-element-256a830 elementor-widget-divider--view-line elementor-widget elementor-widget-divider\" data-id=\"256a830\" data-element_type=\"widget\" data-widget_type=\"divider.default\">\n\t\t\t\t<div class=\"elementor-widget-container\">\n\t\t\t\t\t\t\t<div class=\"elementor-divider\">\n\t\t\t<span class=\"elementor-divider-separator\">\n\t\t\t\t\t\t<\/span>\n\t\t<\/div>\n\t\t\t\t\t\t<\/div>\n\t\t\t\t<\/div>\n\t\t\t\t<\/div>\n\t\t<div class=\"elementor-element elementor-element-5fd1b5c e-con-full e-flex e-con e-child\" data-id=\"5fd1b5c\" data-element_type=\"container\" data-settings=\"{&quot;background_background&quot;:&quot;classic&quot;}\">\n\t\t<div class=\"elementor-element elementor-element-25c29cb e-con-full e-flex e-con e-child\" data-id=\"25c29cb\" data-element_type=\"container\">\n\t\t\t\t<div class=\"elementor-element elementor-element-d1178b4 elementor-widget-mobile__width-auto elementor-widget elementor-widget-text-editor\" data-id=\"d1178b4\" data-element_type=\"widget\" data-widget_type=\"text-editor.default\">\n\t\t\t\t<div class=\"elementor-widget-container\">\n\t\t\t\t\t\t\t\t\t<p>LUNES&#8230;&#8230;&#8230;&#8230;&#8230;&#8230;&#8230;<br \/>MARTES&#8230;&#8230;&#8230;&#8230;&#8230;&#8230;<br \/>MI\u00c9RCOLES&#8230;&#8230;&#8230;&#8230;<br \/>JUEVES&#8230;&#8230;&#8230;&#8230;&#8230;&#8230;.<br \/>VIERNES&#8230;&#8230;&#8230;&#8230;&#8230;..<br \/>S\u00c1BADO&#8230;&#8230;&#8230;&#8230;&#8230;&#8230;<br \/>DOMINGO&#8230;&#8230;&#8230;&#8230;&#8230;<\/p>\t\t\t\t\t\t\t\t<\/div>\n\t\t\t\t<\/div>\n\t\t\t\t<div class=\"elementor-element elementor-element-31fa176 elementor-widget elementor-widget-text-editor\" data-id=\"31fa176\" data-element_type=\"widget\" data-widget_type=\"text-editor.default\">\n\t\t\t\t<div class=\"elementor-widget-container\">\n\t\t\t\t\t\t\t\t\t<p>CERRADO <br \/>10:00 &#8211; 16:30H<br \/>10:00 &#8211; 16:30H<br \/>10:00 &#8211; 16:30H<br \/>10:00 &#8211; 16:30H<br \/>10:00 &#8211; 14:00H<br \/>CERRADO<\/p>\t\t\t\t\t\t\t\t<\/div>\n\t\t\t\t<\/div>\n\t\t\t\t<\/div>\n\t\t\t\t<\/div>\n\t\t\t\t\t<\/div>\n\t\t\t\t<\/div>\n\t\t<div class=\"elementor-element elementor-element-dbeab11 animated-slow e-flex e-con-boxed elementor-invisible e-con e-parent\" data-id=\"dbeab11\" data-element_type=\"container\" data-settings=\"{&quot;background_background&quot;:&quot;classic&quot;,&quot;animation&quot;:&quot;fadeInUp&quot;,&quot;animation_delay&quot;:800}\">\n\t\t\t\t\t<div class=\"e-con-inner\">\n\t\t<div class=\"elementor-element elementor-element-173e1d5 e-con-full e-flex e-con e-child\" data-id=\"173e1d5\" data-element_type=\"container\">\n\t\t\t\t<div class=\"elementor-element elementor-element-c1093e1 elementor-widget elementor-widget-shortcode\" data-id=\"c1093e1\" data-element_type=\"widget\" data-widget_type=\"shortcode.default\">\n\t\t\t\t<div class=\"elementor-widget-container\">\n\t\t\t\t\t\t\t<div class=\"elementor-shortcode\"><div class=\"wpforms-container wpforms-container-full\" id=\"wpforms-71\"><form id=\"wpforms-form-71\" class=\"wpforms-validate wpforms-form\" data-formid=\"71\" method=\"post\" enctype=\"multipart\/form-data\" action=\"\/en\/wp-json\/wp\/v2\/pages\/575\" data-token=\"770dadfb325a7a00292e56f81927d166\" data-token-time=\"1775606069\" data-trp-original-action=\"\/en\/wp-json\/wp\/v2\/pages\/575\"><noscript class=\"wpforms-error-noscript\">Please enable JavaScript in your browser to complete this form.<\/noscript><div class=\"wpforms-field-container\"><div id=\"wpforms-71-field_0-container\" class=\"wpforms-field wpforms-field-name\" data-field-id=\"0\"><label class=\"wpforms-field-label\">Name: <span class=\"wpforms-required-label\">*<\/span><\/label><div class=\"wpforms-field-row wpforms-field-medium\"><div class=\"wpforms-field-row-block wpforms-first wpforms-one-half\"><input type=\"text\" id=\"wpforms-71-field_0\" class=\"wpforms-field-name-first wpforms-field-required\" name=\"wpforms[fields][0][first]\" required><label for=\"wpforms-71-field_0\" class=\"wpforms-field-sublabel after\">First<\/label><\/div><div class=\"wpforms-field-row-block wpforms-one-half\"><input type=\"text\" id=\"wpforms-71-field_0-last\" class=\"wpforms-field-name-last wpforms-field-required\" name=\"wpforms[fields][0][last]\" required><label for=\"wpforms-71-field_0-last\" class=\"wpforms-field-sublabel after\">Last<\/label><\/div><\/div><\/div><div id=\"wpforms-71-field_1-container\" class=\"wpforms-field wpforms-field-email\" data-field-id=\"1\"><label class=\"wpforms-field-label\" for=\"wpforms-71-field_1\">E-Mail <span class=\"wpforms-required-label\">*<\/span><\/label><input type=\"email\" id=\"wpforms-71-field_1\" class=\"wpforms-field-medium wpforms-field-required\" name=\"wpforms[fields][1]\" spellcheck=\"false\" required><\/div><div id=\"wpforms-71-field_2-container\" class=\"wpforms-field wpforms-field-textarea\" data-field-id=\"2\"><label class=\"wpforms-field-label\" for=\"wpforms-71-field_2\">Comment <span class=\"wpforms-required-label\">*<\/span><\/label><textarea id=\"wpforms-71-field_2\" class=\"wpforms-field-medium wpforms-field-required\" name=\"wpforms[fields][2]\" required><\/textarea><\/div><\/div><!-- .wpforms-field-container --><div class=\"wpforms-field wpforms-field-hp\"><label for=\"wpforms-71-field-hp\" class=\"wpforms-field-label\">Phone<\/label><input type=\"text\" name=\"wpforms[hp]\" id=\"wpforms-71-field-hp\" class=\"wpforms-field-medium\"><\/div><div class=\"wpforms-recaptcha-container wpforms-is-recaptcha wpforms-is-recaptcha-type-v3\" ><input type=\"hidden\" name=\"wpforms[recaptcha]\" value=\"\"><\/div><div class=\"wpforms-submit-container\" ><input type=\"hidden\" name=\"wpforms[id]\" value=\"71\"><input type=\"hidden\" name=\"page_title\" value=\"\"><input type=\"hidden\" name=\"page_url\" value=\"https:\/\/euroopticaalfas.com\/en\/wp-json\/wp\/v2\/pages\/575\"><input type=\"hidden\" name=\"url_referer\" value=\"\"><button type=\"submit\" name=\"wpforms[submit]\" id=\"wpforms-submit-71\" class=\"wpforms-submit\" data-alt-text=\"Enviando...\" data-submit-text=\"Enviar\" aria-live=\"assertive\" value=\"wpforms-submit\">Send<\/button><\/div><input type=\"hidden\" name=\"trp-form-language\" value=\"en\"\/><\/form><\/div>  <!-- .wpforms-container --><\/div>\n\t\t\t\t\t\t<\/div>\n\t\t\t\t<\/div>\n\t\t\t\t<\/div>\n\t\t\t\t\t<\/div>\n\t\t\t\t<\/div>\n\t\t\t\t<\/div>","protected":false},"excerpt":{"rendered":"<p>Contacto DATOS DE CONTACTO info@euroopticaalfas.com +34 966 86 02 76 +34 677 635 364 DIRECCI\u00d3N Av. Pa\u00ecs Valenci\u00e0 9, Local 10, 03580 L&#8217;Alf\u00e0s del Pi, Alicante HORARIO LUNES&#8230;&#8230;&#8230;&#8230;&#8230;&#8230;&#8230;MARTES&#8230;&#8230;&#8230;&#8230;&#8230;&#8230;MI\u00c9RCOLES&#8230;&#8230;&#8230;&#8230;JUEVES&#8230;&#8230;&#8230;&#8230;&#8230;&#8230;.VIERNES&#8230;&#8230;&#8230;&#8230;&#8230;..S\u00c1BADO&#8230;&#8230;&#8230;&#8230;&#8230;&#8230;DOMINGO&#8230;&#8230;&#8230;&#8230;&#8230; CERRADO 10:00 &#8211; 16:30H10:00 &#8211; 16:30H10:00 &#8211; 16:30H10:00 &#8211; 16:30H10:00 &#8211; 14:00HCERRADO<\/p>","protected":false},"author":1,"featured_media":0,"parent":0,"menu_order":0,"comment_status":"closed","ping_status":"closed","template":"elementor_header_footer","meta":{"footnotes":""},"class_list":["post-575","page","type-page","status-publish","hentry"],"jetpack_sharing_enabled":true,"_links":{"self":[{"href":"https:\/\/euroopticaalfas.com\/en\/wp-json\/wp\/v2\/pages\/575","targetHints":{"allow":["GET"]}}],"collection":[{"href":"https:\/\/euroopticaalfas.com\/en\/wp-json\/wp\/v2\/pages"}],"about":[{"href":"https:\/\/euroopticaalfas.com\/en\/wp-json\/wp\/v2\/types\/page"}],"author":[{"embeddable":true,"href":"https:\/\/euroopticaalfas.com\/en\/wp-json\/wp\/v2\/users\/1"}],"replies":[{"embeddable":true,"href":"https:\/\/euroopticaalfas.com\/en\/wp-json\/wp\/v2\/comments?post=575"}],"version-history":[{"count":0,"href":"https:\/\/euroopticaalfas.com\/en\/wp-json\/wp\/v2\/pages\/575\/revisions"}],"wp:attachment":[{"href":"https:\/\/euroopticaalfas.com\/en\/wp-json\/wp\/v2\/media?parent=575"}],"curies":[{"name":"wp","href":"https:\/\/api.w.org\/{rel}","templated":true}]}}